{"id":20,"date":"2015-08-09T18:20:46","date_gmt":"2015-08-09T16:20:46","guid":{"rendered":"http:\/\/taormina-mainz.de\/?page_id=20"},"modified":"2015-08-14T12:13:56","modified_gmt":"2015-08-14T10:13:56","slug":"geschichte","status":"publish","type":"page","link":"https:\/\/taormina-mainz.de\/?page_id=20","title":{"rendered":"Geschichte"},"content":{"rendered":"<h1 style=\"text-align: center;\"><span style=\"text-decoration: underline;\">Ein St\u00fcck Sizilien in der M\u00fcnsterstra\u00dfe<\/span><\/h1>\n<p style=\"text-align: center;\">Das \u201eTaormina\u201c ist eines der \u00e4ltesten italienischen Restaurants in Mainz \/ 30 Jahre der gleiche Besitzer<\/p>\n<p style=\"text-align: justify;\"><img loading=\"lazy\" decoding=\"async\" class=\"aligncenter wp-image-259 size-full\" src=\"https:\/\/taormina-mainz.de\/wp-content\/uploads\/2015\/08\/willkommen.png\" alt=\"willkommen\" width=\"640\" height=\"352\" srcset=\"https:\/\/taormina-mainz.de\/wp-content\/uploads\/2015\/08\/willkommen.png 640w, https:\/\/taormina-mainz.de\/wp-content\/uploads\/2015\/08\/willkommen-300x165.png 300w\" sizes=\"auto, (max-width: 640px) 100vw, 640px\" \/>Malerisch liegt sie auf einem Berg. Taormina, die wohl sch\u00f6nste Stadt Siziliens, von der schon Goethe schw\u00e4rmte, ist gar nicht so weit weg. Franco Plumari brachte schon vor 30 Jahren ein St\u00fcck Sizilien nach Mainz, er\u00f6ffnete der Italiener doch in der M\u00fcnsterstra\u00dfe 10 sein Ristorante namens \u201eTaormina\u201c. Mehr als ein Vierteljahrhundert sp\u00e4ter ist er immer noch am gleichen Platz im gleichen Restaurant. \u201eDas ist schon etwas Besonderes\u201c, blickt Plumari mit einem L\u00e4cheln auf 30 sch\u00f6ne Jahre zur\u00fcck. Doch sein etwas versteckt liegendes Ristorante in der M\u00fcnsterstra\u00dfe kann nicht vom Laufpublikum leben. \u201eEs ist kein Zufall, wenn die Leute kommen. Ein zufriedener Gast kommt immer wieder\u201c, sagt Franco Plumari In der Hauptsache seien es Stammkunden und Gesch\u00e4ftsleute, die regelm\u00e4\u00dfig bei ihm einkehren.<\/p>\n<div style=\"text-align: justify;\">\n<p>&nbsp;<\/p>\n<p style=\"text-align: justify;\"><img loading=\"lazy\" decoding=\"async\" class=\"alignleft wp-image-23 size-medium\" src=\"https:\/\/taormina-mainz.de\/wp-content\/uploads\/2015\/08\/slide3-300x200.jpg\" alt=\"slide3\" width=\"300\" height=\"200\" srcset=\"https:\/\/taormina-mainz.de\/wp-content\/uploads\/2015\/08\/slide3-300x200.jpg 300w, https:\/\/taormina-mainz.de\/wp-content\/uploads\/2015\/08\/slide3-1024x683.jpg 1024w, https:\/\/taormina-mainz.de\/wp-content\/uploads\/2015\/08\/slide3.jpg 1920w\" sizes=\"auto, (max-width: 300px) 100vw, 300px\" \/>Als eines der \u00e4ltesten italienischen Restaurants in Mainz hat sich das \u201eTaormina\u201c einen guten Ruf erarbeitet undbaut auf die vielen Stammg\u00e4ste, die gerne in die ruhige M\u00fcnsterstra\u00dfe kommen. Dort sitzt man entweder auf einem der rund 50 Pl\u00e4tze im Restaurant oder bei sch\u00f6nem Wetter auch auf der einladenden Terrasse, die rund 40 Besuchern Platz bietet.<\/p>\n<\/div>\n<p style=\"text-align: justify;\">Die Speisekarte bietet alles, was man bei einem Italiener begehrt. Die Palette reicht von gebackenem oder in Tomatensauce angerichtetem Tintenfisch, Langusten vom Grill oder in gr\u00fcner Pfeffersauce bis hin zu unterschiedlichen zubereiteter Seezunge,Lachs oder Seeteufel.<\/p>\n<p style=\"text-align: justify;\">Die Kr\u00f6nung sind flambierte Langusten in Rahmsauce oder Seezungenfilet in Wein-Wodka-Sauce.<\/p>\n<p style=\"text-align: justify;\"><img loading=\"lazy\" decoding=\"async\" class=\"alignright wp-image-22 size-medium\" src=\"https:\/\/taormina-mainz.de\/wp-content\/uploads\/2015\/08\/slide4-300x179.jpg\" alt=\"slide4\" width=\"300\" height=\"179\" srcset=\"https:\/\/taormina-mainz.de\/wp-content\/uploads\/2015\/08\/slide4-300x179.jpg 300w, https:\/\/taormina-mainz.de\/wp-content\/uploads\/2015\/08\/slide4-1024x613.jpg 1024w\" sizes=\"auto, (max-width: 300px) 100vw, 300px\" \/>Auf Anfrage oder Vorbestellung gibt es weitere Fischgerichte. Erstaunlich umfangreich ist auch das Angebot an Fleischspezialit\u00e4ten.<\/p>\n<p style=\"text-align: justify;\">Besonders h\u00e4ufig werden \u201eScaloppine alla Siciliana\u201c, Medaillons in Pfifferlingcremesauce, bestellt.<\/p>\n<p style=\"text-align: justify;\">Auch wer mittags eine schmackhafte und preiswerte K\u00fcche sucht, ist im \u201eTaormina\u201c richtig. Kleinere Familienfeiern sind im \u201eTaormina\u201c ebenso m\u00f6glich. Und wer einen Geschenkgutschein f\u00fcr ein St\u00fcck Sizilien verschenken m\u00f6chte, darf dies nat\u00fcrlich auch tun.<\/p>\n<p>&nbsp;<\/p>\n<p>&nbsp;<\/p>\n<p style=\"text-align: justify;\"><i>Auszug aus \u00bbAllgemeine Zeitung\u00ab.<\/i><\/p>\n","protected":false},"excerpt":{"rendered":"<p class=\"excerpt\">Ein St\u00fcck Sizilien in der M\u00fcnsterstra\u00dfe Das \u201eTaormina\u201c ist eines der \u00e4ltesten italienischen Restaurants in Mainz \/ 30 Jahre der gleiche Besitzer Malerisch liegt sie auf einem Berg. Taormina, die wohl sch\u00f6nste Stadt Siziliens, von der schon Goethe schw\u00e4rmte, ist gar nicht so weit weg. Franco Plumari brachte schon vor 30 Jahren ein St\u00fcck Sizilien nach Mainz, er\u00f6ffnete der Italiener&hellip; <a href=\"https:\/\/taormina-mainz.de\/?page_id=20\">Read more &rarr;<\/a><\/p>\n","protected":false},"author":1,"featured_media":0,"parent":0,"menu_order":0,"comment_status":"closed","ping_status":"closed","template":"","meta":{"_monsterinsights_skip_tracking":false,"_monsterinsights_sitenote_active":false,"_monsterinsights_sitenote_note":"","_monsterinsights_sitenote_category":0,"footnotes":""},"class_list":["post-20","page","type-page","status-publish","hentry","xfolkentry"],"_links":{"self":[{"href":"https:\/\/taormina-mainz.de\/index.php?rest_route=\/wp\/v2\/pages\/20","targetHints":{"allow":["GET"]}}],"collection":[{"href":"https:\/\/taormina-mainz.de\/index.php?rest_route=\/wp\/v2\/pages"}],"about":[{"href":"https:\/\/taormina-mainz.de\/index.php?rest_route=\/wp\/v2\/types\/page"}],"author":[{"embeddable":true,"href":"https:\/\/taormina-mainz.de\/index.php?rest_route=\/wp\/v2\/users\/1"}],"replies":[{"embeddable":true,"href":"https:\/\/taormina-mainz.de\/index.php?rest_route=%2Fwp%2Fv2%2Fcomments&post=20"}],"version-history":[{"count":5,"href":"https:\/\/taormina-mainz.de\/index.php?rest_route=\/wp\/v2\/pages\/20\/revisions"}],"predecessor-version":[{"id":263,"href":"https:\/\/taormina-mainz.de\/index.php?rest_route=\/wp\/v2\/pages\/20\/revisions\/263"}],"wp:attachment":[{"href":"https:\/\/taormina-mainz.de\/index.php?rest_route=%2Fwp%2Fv2%2Fmedia&parent=20"}],"curies":[{"name":"wp","href":"https:\/\/api.w.org\/{rel}","templated":true}]}}